{"id":713,"date":"2024-01-27T15:32:05","date_gmt":"2024-01-27T14:32:05","guid":{"rendered":"https:\/\/chojnowscy.pl\/?page_id=713"},"modified":"2026-03-06T19:22:03","modified_gmt":"2026-03-06T18:22:03","slug":"people-example-2","status":"publish","type":"page","link":"https:\/\/chojnowscy.pl\/?page_id=713","title":{"rendered":"Nina Chojnowska"},"content":{"rendered":"\n<div class=\"wp-block-cover alignfull wp-duotone-unset-1\" style=\"padding-top:2%;min-height:30rem;aspect-ratio:unset;\"><img loading=\"lazy\" decoding=\"async\" width=\"2047\" height=\"2560\" class=\"wp-block-cover__image-background wp-image-1007\" alt=\"\" src=\"http:\/\/chojnowscy.pl\/wp-content\/uploads\/2024\/01\/filip-rankovic-grobgaard-Bd0RmCsJOCc-unsplash-scaled.jpg\" style=\"object-position:53% 17%\" data-object-fit=\"cover\" data-object-position=\"53% 17%\" srcset=\"https:\/\/chojnowscy.pl\/wp-content\/uploads\/2024\/01\/filip-rankovic-grobgaard-Bd0RmCsJOCc-unsplash-scaled.jpg 2047w, https:\/\/chojnowscy.pl\/wp-content\/uploads\/2024\/01\/filip-rankovic-grobgaard-Bd0RmCsJOCc-unsplash-240x300.jpg 240w, https:\/\/chojnowscy.pl\/wp-content\/uploads\/2024\/01\/filip-rankovic-grobgaard-Bd0RmCsJOCc-unsplash-819x1024.jpg 819w, https:\/\/chojnowscy.pl\/wp-content\/uploads\/2024\/01\/filip-rankovic-grobgaard-Bd0RmCsJOCc-unsplash-768x961.jpg 768w, https:\/\/chojnowscy.pl\/wp-content\/uploads\/2024\/01\/filip-rankovic-grobgaard-Bd0RmCsJOCc-unsplash-1228x1536.jpg 1228w, https:\/\/chojnowscy.pl\/wp-content\/uploads\/2024\/01\/filip-rankovic-grobgaard-Bd0RmCsJOCc-unsplash-1637x2048.jpg 1637w\" sizes=\"auto, (max-width: 2047px) 100vw, 2047px\" \/><span aria-hidden=\"true\" class=\"wp-block-cover__background has-background-dim\"><\/span><div class=\"wp-block-cover__inner-container has-global-padding is-layout-constrained wp-container-core-cover-is-layout-ee51f2d2 wp-block-cover-is-layout-constrained\">\n<div class=\"wp-block-group alignwide is-vertical is-content-justification-center is-layout-flex wp-container-core-group-is-layout-5e763914 wp-block-group-is-layout-flex\" style=\"min-height:8rem\">\n<div class=\"wp-block-group has-global-padding is-layout-constrained wp-container-core-group-is-layout-bea02a06 wp-block-group-is-layout-constrained\"><\/div>\n\n\n\n<h1 class=\"wp-block-heading has-text-color has-link-color wp-elements-14c8e67f168766bcfa1c501e1609a269\" style=\"color:#fefefe\">O NAS<\/h1>\n<\/div>\n<\/div><\/div>\n\n\n\n<section class=\"wp-block-group alignfull has-text-color has-global-padding is-layout-constrained wp-container-core-group-is-layout-4252d6ba wp-block-group-is-layout-constrained\" style=\"color:#03081e;margin-top:0px;padding-top:6.51rem;padding-right:1rem;padding-bottom:5.5rem;padding-left:1rem;font-size:clamp(0.875rem, 0.875rem + ((1vw - 0.2rem) * 0.464), 1.13rem);font-style:normal;font-weight:400;line-height:1.4\">\n<div class=\"wp-block-columns is-layout-flex wp-container-core-columns-is-layout-db2df21c wp-block-columns-is-layout-flex\" style=\"margin-bottom:0px\">\n<div class=\"wp-block-column has-global-padding is-content-justification-left is-layout-constrained wp-container-core-column-is-layout-12dd3699 wp-block-column-is-layout-constrained\" style=\"flex-basis:45%\">\n<figure class=\"wp-block-image aligncenter size-full is-resized has-custom-border\"><img loading=\"lazy\" decoding=\"async\" width=\"1707\" height=\"2560\" src=\"https:\/\/chojnowscy.pl\/wp-content\/uploads\/2025\/04\/020-scaled.jpg\" alt=\"\" class=\"wp-image-1360\" style=\"border-radius:30px;width:446px\" srcset=\"https:\/\/chojnowscy.pl\/wp-content\/uploads\/2025\/04\/020-scaled.jpg 1707w, https:\/\/chojnowscy.pl\/wp-content\/uploads\/2025\/04\/020-200x300.jpg 200w, https:\/\/chojnowscy.pl\/wp-content\/uploads\/2025\/04\/020-683x1024.jpg 683w, https:\/\/chojnowscy.pl\/wp-content\/uploads\/2025\/04\/020-768x1152.jpg 768w, https:\/\/chojnowscy.pl\/wp-content\/uploads\/2025\/04\/020-1024x1536.jpg 1024w, https:\/\/chojnowscy.pl\/wp-content\/uploads\/2025\/04\/020-1365x2048.jpg 1365w\" sizes=\"auto, (max-width: 1707px) 100vw, 1707px\" \/><\/figure>\n<\/div>\n\n\n\n<div class=\"wp-block-column is-layout-flow wp-block-column-is-layout-flow\">\n<div class=\"wp-block-group is-vertical is-content-justification-left is-layout-flex wp-container-core-group-is-layout-c5d44cae wp-block-group-is-layout-flex\" style=\"min-height:100%\">\n<div class=\"wp-block-group has-global-padding is-content-justification-center is-layout-constrained wp-container-core-group-is-layout-b15c80d6 wp-block-group-is-layout-constrained\">\n<h3 class=\"wp-block-heading has-text-align-left has-text-color\" style=\"color:#000000;margin-top:0.5rem;margin-bottom:1.01rem;font-size:clamp(1.556rem, 1.556rem + ((1vw - 0.2rem) * 1.916), 2.61rem);font-style:normal;font-weight:500;letter-spacing:0px;line-height:1.3;text-transform:capitalize\">Lek. Dent. Nina Chojnowska<\/h3>\n\n\n\n<p>Absolwentka Uniwersytetu Medycznego im Piast\u00f3w \u015al\u0105skich we Wroc\u0142awiu. <\/p>\n\n\n\n<p>W 2023 roku uko\u0144czy\u0142a dwuletni program \u201cModern digital orthodontics quality and efficiency\u201d w Wiedniu, a w 2025 dwuletni kurs \u201cMirabella Orthodontic Program\u201d w Weronie. Cz\u0142onkini PTO, stale szkoli si\u0119 i ucz\u0119szcza na kursy ortodontyczne. <\/p>\n\n\n\n<p>Mo\u017cecie j\u0105 r\u00f3wnie\u017c spotka\u0107 w gabinecie <a href=\"https:\/\/www.facebook.com\/drkittel?__cft__[0]=AZbyNpm-W6nPYWVgDfIg5SwIvzYii85Xp67B_UQJ-xTzhOVrwl7dNtBv4O3329ZKG6pOSlEbXQuxCo_wGzTKnQydevLogEp4z4t8hjDmyc3qKTeMRAPa4vKEDc4w5-gzzs6oUrjk8pfQ3JJ234rRCHbLbREwmTC324XSLBfALL-6L-SzPZs3LoPylEaQTCYESQ0&amp;__tn__=-]K-R\">Dr Kittel Digital Dentistry &amp; Medicine<\/a> oraz <a href=\"https:\/\/www.facebook.com\/profile.php?id=61578863251602&amp;__cft__[0]=AZbyNpm-W6nPYWVgDfIg5SwIvzYii85Xp67B_UQJ-xTzhOVrwl7dNtBv4O3329ZKG6pOSlEbXQuxCo_wGzTKnQydevLogEp4z4t8hjDmyc3qKTeMRAPa4vKEDc4w5-gzzs6oUrjk8pfQ3JJ234rRCHbLbREwmTC324XSLBfALL-6L-SzPZs3LoPylEaQTCYESQ0&amp;__tn__=-]K-R\">Klinika Stomatologii i Estetyki Magdalena G\u00f3recka<\/a> . <\/p>\n\n\n\n<p>Od dziecka wiedzia\u0142a, \u017ce swoj\u0105 przysz\u0142o\u015b\u0107 wi\u0105\u017ce z ortodoncj\u0105. Prywatnie uwielbia spe\u0142nia\u0107 si\u0119 jako gabinetowy cukiernik, a dla r\u00f3wnowagi pr\u00f3bowa\u0107 nowych sport\u00f3w.<\/p>\n<\/div>\n<\/div>\n<\/div>\n<\/div>\n<\/section>\n","protected":false},"excerpt":{"rendered":"<p>Lek. Dent. Nina Chojnowska Absolwentka Uniwersytetu Medycznego im Piast\u00f3w \u015al\u0105skich we Wroc\u0142awiu. W 2023 roku uko\u0144czy\u0142a dwuletni program \u201cModern digital orthodontics quality and efficiency\u201d w Wiedniu, a w 2025 dwuletni kurs \u201cMirabella Orthodontic Program\u201d w Weronie. Cz\u0142onkini PTO, stale szkoli si\u0119 i ucz\u0119szcza na kursy ortodontyczne. Mo\u017cecie j\u0105 r\u00f3wnie\u017c spotka\u0107 w gabinecie Dr Kittel Digital [&hellip;]<\/p>\n","protected":false},"author":1,"featured_media":0,"parent":0,"menu_order":0,"comment_status":"closed","ping_status":"closed","template":"","meta":{"footnotes":""},"class_list":["post-713","page","type-page","status-publish","hentry"],"_links":{"self":[{"href":"https:\/\/chojnowscy.pl\/index.php?rest_route=\/wp\/v2\/pages\/713","targetHints":{"allow":["GET"]}}],"collection":[{"href":"https:\/\/chojnowscy.pl\/index.php?rest_route=\/wp\/v2\/pages"}],"about":[{"href":"https:\/\/chojnowscy.pl\/index.php?rest_route=\/wp\/v2\/types\/page"}],"author":[{"embeddable":true,"href":"https:\/\/chojnowscy.pl\/index.php?rest_route=\/wp\/v2\/users\/1"}],"replies":[{"embeddable":true,"href":"https:\/\/chojnowscy.pl\/index.php?rest_route=%2Fwp%2Fv2%2Fcomments&post=713"}],"version-history":[{"count":13,"href":"https:\/\/chojnowscy.pl\/index.php?rest_route=\/wp\/v2\/pages\/713\/revisions"}],"predecessor-version":[{"id":1442,"href":"https:\/\/chojnowscy.pl\/index.php?rest_route=\/wp\/v2\/pages\/713\/revisions\/1442"}],"wp:attachment":[{"href":"https:\/\/chojnowscy.pl\/index.php?rest_route=%2Fwp%2Fv2%2Fmedia&parent=713"}],"curies":[{"name":"wp","href":"https:\/\/api.w.org\/{rel}","templated":true}]}}