{"id":55,"date":"2023-02-26T13:22:15","date_gmt":"2023-02-26T12:22:15","guid":{"rendered":"http:\/\/chojnowscy.pl\/?page_id=55"},"modified":"2024-03-02T10:20:17","modified_gmt":"2024-03-02T09:20:17","slug":"informacje-dla-pacjentow","status":"publish","type":"page","link":"https:\/\/chojnowscy.pl\/?page_id=55","title":{"rendered":"Informacje dla pacjent\u00f3w"},"content":{"rendered":"\n<div class=\"wp-block-cover alignfull wp-duotone-unset-1\" style=\"padding-top:2%;min-height:30rem;aspect-ratio:unset;\"><span aria-hidden=\"true\" class=\"wp-block-cover__background has-background-dim-40 has-background-dim\"><\/span><img loading=\"lazy\" decoding=\"async\" width=\"2560\" height=\"1707\" class=\"wp-block-cover__image-background wp-image-983\" alt=\"\" src=\"http:\/\/chojnowscy.pl\/wp-content\/uploads\/2024\/01\/enis-yavuz-VC5lS43bwJo-unsplash-scaled.jpg\" style=\"object-position:43% 70%\" data-object-fit=\"cover\" data-object-position=\"43% 70%\" srcset=\"https:\/\/chojnowscy.pl\/wp-content\/uploads\/2024\/01\/enis-yavuz-VC5lS43bwJo-unsplash-scaled.jpg 2560w, https:\/\/chojnowscy.pl\/wp-content\/uploads\/2024\/01\/enis-yavuz-VC5lS43bwJo-unsplash-300x200.jpg 300w, https:\/\/chojnowscy.pl\/wp-content\/uploads\/2024\/01\/enis-yavuz-VC5lS43bwJo-unsplash-1024x683.jpg 1024w, https:\/\/chojnowscy.pl\/wp-content\/uploads\/2024\/01\/enis-yavuz-VC5lS43bwJo-unsplash-768x512.jpg 768w, https:\/\/chojnowscy.pl\/wp-content\/uploads\/2024\/01\/enis-yavuz-VC5lS43bwJo-unsplash-1536x1024.jpg 1536w, https:\/\/chojnowscy.pl\/wp-content\/uploads\/2024\/01\/enis-yavuz-VC5lS43bwJo-unsplash-2048x1365.jpg 2048w\" sizes=\"auto, (max-width: 2560px) 100vw, 2560px\" \/><div class=\"wp-block-cover__inner-container has-global-padding is-layout-constrained wp-container-core-cover-is-layout-ee51f2d2 wp-block-cover-is-layout-constrained\">\n<div class=\"wp-block-group alignwide is-vertical is-content-justification-center is-layout-flex wp-container-core-group-is-layout-5e763914 wp-block-group-is-layout-flex\" style=\"min-height:8rem\">\n<div class=\"wp-block-group has-global-padding is-layout-constrained wp-container-core-group-is-layout-bea02a06 wp-block-group-is-layout-constrained\"><\/div>\n\n\n\n<h1 class=\"wp-block-heading has-text-color has-link-color wp-elements-ee8b5f4df7b7559f43e6d713a9359ab3\" style=\"color:#ffffff\">D\u0141A PACJENT\u00d3W<\/h1>\n<\/div>\n<\/div><\/div>\n\n\n\n<div class=\"wp-block-group alignfull has-global-padding is-layout-constrained wp-container-core-group-is-layout-8f190b32 wp-block-group-is-layout-constrained\" style=\"margin-top:0;margin-bottom:0;padding-top:100px;padding-bottom:100px\">\n<h3 class=\"wp-block-heading\">Informacje dla pacjent\u00f3w<\/h3>\n\n\n\n<p>Informator dla pacjent\u00f3w leczonych aparatami sta\u0142ymi<\/p>\n\n\n\n<p class=\"has-text-align-left\">Leczenie aparatem sta\u0142ym przebiega wed\u0142ug okre\u015blonego planu przedstawionego schematycznie na wizycie konsultacyjnej. Aparat nie dzia\u0142a samoistnie, wymaga aktywacji na wizytach kontrolnych. W trakcie leczenia wymienia si\u0119 \u0142uki, czyli aktywne elementy aparatu, wed\u0142ug okre\u015blonej sekwencji. Nale\u017cy liczy\u0107 \u015brednio 3-4 \u0142uki na szcz\u0119k\u0119 i 3-4 \u0142uki na \u017cuchw\u0119 w ci\u0105gu ca\u0142ej terapii. Wizyty kontrolne, p\u0142atne, odbywaj\u0105 si\u0119 co 4, 6 do 8 tygodni, w zale\u017cno\u015bci od fazy leczenia i rodzaju aparatu, przy czym wizyty z wymian\u0105 element\u00f3w aparatu s\u0105 dro\u017csze od zwyk\u0142ej wizyty kontrolnej. Czas leczenia aparatem sta\u0142ym wynosi \u015brednio 2-3 lata.<\/p>\n\n\n\n<p>W czasie leczenia aparatem sta\u0142ym wymagane jest od pacjenta stosowania si\u0119 do zalece\u0144 lekarza. Nie wykonywanie tych zalece\u0144, nie noszenie wskazanych dodatkowych element\u00f3w, odklejenie zamk\u00f3w i pier\u015bcieni czy deformowanie \u0142uk\u00f3w znacznie wyd\u0142u\u017ca czas leczenia.<\/p>\n\n\n\n<p>Na ka\u017cdej wizycie kontrolowana jest higiena jamy ustnej pacjenta. W przypadkach, gdy trzykrotnie stwierdzi si\u0119 z\u0142y stan higieny, odnotowany w karcie, poparty przerostem czy stanem zapalnym dzi\u0105se\u0142 i nadmiern\u0105 ilo\u015bci\u0105 p\u0142ytki naz\u0119bnej, aparat zostanie natychmiast \u015bci\u0105gni\u0119ty bez zwrotu poniesionych dotychczas koszt\u00f3w.<\/p>\n\n\n\n<p>Po leczeniu aparatem sta\u0142ym wymagane jest leczenie retencyjne, kt\u00f3re ma za zadanie utrzyma\u0107 uzyskany efekt. Do tego celu s\u0142u\u017c\u0105 specjalne aparaty retencyjne, kt\u00f3re mog\u0105 by\u0107 zdejmowane lub mocowane na sta\u0142e. Aparaty te musz\u0105 by\u0107 dopasowane najp\u00f3\u017aniej w 24 godzimy po \u015bci\u0105gni\u0119ciu aparatu sta\u0142ego. Pacjent otrzymuje schemat noszenia aparatu retencyjnego w momencie jego otrzymania. Wizyty kontrolne z aparatem retencyjnym odbywaj\u0105 si\u0119 \u015brednio co 3-4 miesi\u0105ce. Czas leczenia retencyjnego uzale\u017cniony jest od nasilenia wady przed leczeniem oraz wieku pacjenta, a wynosi oko\u0142o 2 lat.<\/p>\n\n\n\n<div class=\"wp-block-buttons is-horizontal is-content-justification-left is-layout-flex wp-container-core-buttons-is-layout-c4719c80 wp-block-buttons-is-layout-flex\">\n<div class=\"wp-block-button has-custom-width wp-block-button__width-25 has-custom-font-size is-style-fill has-small-font-size\" id=\"http:\/\/chojnowscy.pl\/?page_id=57\"><a class=\"wp-block-button__link has-white-color has-vivid-cyan-blue-to-vivid-purple-gradient-background has-text-color has-background wp-element-button\" href=\"https:\/\/chojnowscy.pl\/?page_id=654\" style=\"border-width:22px;border-radius:29px\" rel=\"\"><strong>W<\/strong>R\u00d3\u0106<\/a><\/div>\n<\/div>\n<\/div>\n","protected":false},"excerpt":{"rendered":"<p>Informacje dla pacjent\u00f3w Informator dla pacjent\u00f3w leczonych aparatami sta\u0142ymi Leczenie aparatem sta\u0142ym przebiega wed\u0142ug okre\u015blonego planu przedstawionego schematycznie na wizycie konsultacyjnej. Aparat nie dzia\u0142a samoistnie, wymaga aktywacji na wizytach kontrolnych. W trakcie leczenia wymienia si\u0119 \u0142uki, czyli aktywne elementy aparatu, wed\u0142ug okre\u015blonej sekwencji. Nale\u017cy liczy\u0107 \u015brednio 3-4 \u0142uki na szcz\u0119k\u0119 i 3-4 \u0142uki na \u017cuchw\u0119 [&hellip;]<\/p>\n","protected":false},"author":1,"featured_media":0,"parent":0,"menu_order":0,"comment_status":"closed","ping_status":"closed","template":"","meta":{"footnotes":""},"class_list":["post-55","page","type-page","status-publish","hentry"],"_links":{"self":[{"href":"https:\/\/chojnowscy.pl\/index.php?rest_route=\/wp\/v2\/pages\/55","targetHints":{"allow":["GET"]}}],"collection":[{"href":"https:\/\/chojnowscy.pl\/index.php?rest_route=\/wp\/v2\/pages"}],"about":[{"href":"https:\/\/chojnowscy.pl\/index.php?rest_route=\/wp\/v2\/types\/page"}],"author":[{"embeddable":true,"href":"https:\/\/chojnowscy.pl\/index.php?rest_route=\/wp\/v2\/users\/1"}],"replies":[{"embeddable":true,"href":"https:\/\/chojnowscy.pl\/index.php?rest_route=%2Fwp%2Fv2%2Fcomments&post=55"}],"version-history":[{"count":8,"href":"https:\/\/chojnowscy.pl\/index.php?rest_route=\/wp\/v2\/pages\/55\/revisions"}],"predecessor-version":[{"id":1195,"href":"https:\/\/chojnowscy.pl\/index.php?rest_route=\/wp\/v2\/pages\/55\/revisions\/1195"}],"wp:attachment":[{"href":"https:\/\/chojnowscy.pl\/index.php?rest_route=%2Fwp%2Fv2%2Fmedia&parent=55"}],"curies":[{"name":"wp","href":"https:\/\/api.w.org\/{rel}","templated":true}]}}