{"id":42,"date":"2023-02-26T12:59:14","date_gmt":"2023-02-26T11:59:14","guid":{"rendered":"http:\/\/chojnowscy.pl\/?page_id=42"},"modified":"2024-03-02T21:00:27","modified_gmt":"2024-03-02T20:00:27","slug":"locations","status":"publish","type":"page","link":"https:\/\/chojnowscy.pl\/?page_id=42","title":{"rendered":"PYTANIA"},"content":{"rendered":"\n<div class=\"wp-block-cover alignfull is-light wp-duotone-unset-1\" style=\"padding-top:2%;min-height:30rem;aspect-ratio:unset;\"><span aria-hidden=\"true\" class=\"wp-block-cover__background has-background-dim-20 has-background-dim\"><\/span><img loading=\"lazy\" decoding=\"async\" width=\"2048\" height=\"2560\" class=\"wp-block-cover__image-background wp-image-1065\" alt=\"\" src=\"http:\/\/chojnowscy.pl\/wp-content\/uploads\/2024\/02\/raghavendra-v-konkathi-pQUkIH-Nx0M-unsplash-scaled.jpg\" style=\"object-position:41% 9%\" data-object-fit=\"cover\" data-object-position=\"41% 9%\" srcset=\"https:\/\/chojnowscy.pl\/wp-content\/uploads\/2024\/02\/raghavendra-v-konkathi-pQUkIH-Nx0M-unsplash-scaled.jpg 2048w, https:\/\/chojnowscy.pl\/wp-content\/uploads\/2024\/02\/raghavendra-v-konkathi-pQUkIH-Nx0M-unsplash-240x300.jpg 240w, https:\/\/chojnowscy.pl\/wp-content\/uploads\/2024\/02\/raghavendra-v-konkathi-pQUkIH-Nx0M-unsplash-819x1024.jpg 819w, https:\/\/chojnowscy.pl\/wp-content\/uploads\/2024\/02\/raghavendra-v-konkathi-pQUkIH-Nx0M-unsplash-768x960.jpg 768w, https:\/\/chojnowscy.pl\/wp-content\/uploads\/2024\/02\/raghavendra-v-konkathi-pQUkIH-Nx0M-unsplash-1229x1536.jpg 1229w, https:\/\/chojnowscy.pl\/wp-content\/uploads\/2024\/02\/raghavendra-v-konkathi-pQUkIH-Nx0M-unsplash-1638x2048.jpg 1638w\" sizes=\"auto, (max-width: 2048px) 100vw, 2048px\" \/><div class=\"wp-block-cover__inner-container has-global-padding is-layout-constrained wp-container-core-cover-is-layout-ee51f2d2 wp-block-cover-is-layout-constrained\">\n<div class=\"wp-block-group alignwide is-vertical is-content-justification-center is-layout-flex wp-container-core-group-is-layout-5e763914 wp-block-group-is-layout-flex\" style=\"min-height:8rem\">\n<div class=\"wp-block-group has-global-padding is-layout-constrained wp-container-core-group-is-layout-bea02a06 wp-block-group-is-layout-constrained\">\n<h2 class=\"wp-block-heading has-text-align-center has-text-color\" style=\"color:#ffffff;margin-top:0rem;margin-bottom:1.01rem;font-size:clamp(2.071rem, 2.071rem + ((1vw - 0.2rem) * 2.98), 3.71rem);font-style:normal;font-weight:400;line-height:1;text-transform:capitalize\">PYTANIA<\/h2>\n<\/div>\n<\/div>\n<\/div><\/div>\n\n\n\n<details class=\"wp-block-details is-layout-flow wp-block-details-is-layout-flow\"><summary>Czy w trakcie noszenia aparatu musz\u0119 odwiedza\u0107 stomatologa? Czy mo\u017cna leczy\u0107 z\u0119by, kiedy mam za\u0142o\u017cony aparat ortodontyczny?<\/summary>\n<p><\/p>\n<\/details>\n\n\n\n<details class=\"wp-block-details is-layout-flow wp-block-details-is-layout-flow\"><summary>Panie doktorze, jak d\u0142ugo po za\u0142o\u017ceniu aparatu b\u0119d\u0105 bola\u0142y mnie z\u0119by?<\/summary>\n<p>Dolegliwo\u015bci b\u00f3lowe SA cz\u0119stym objawem u pacjent\u00f3w, kt\u00f3rzy za\u0142o\u017cyli aparat ortodontyczny. Zwykle utrzymuj\u0105 si\u0119 do tygodnia, powoli wygasaj\u0105c w czasie. Odczuwanie b\u00f3lu jest bardzo subiektywne, u niekt\u00f3rych pacjent\u00f3w przebiega z du\u017c\u0105 si\u0142\u0105, ale s\u0105 i tacy, kt\u00f3rzy wcale nie skar\u017c\u0105 si\u0119 na jakiekolwiek dolegliwo\u015bci b\u00f3lowe zwi\u0105zane z dzia\u0142aniem aparatu. Je\u015bli w Twoim przypadku b\u00f3l jest do\u015b\u0107 silny mo\u017cna przyj\u0105\u0107 og\u00f3lnodost\u0119pne leki przeciwb\u00f3lowe. Mo\u017cna te\u017c p\u0142uka\u0107 usta zimn\u0105 wod\u0105, gdy\u017c w pierwszej fazie zak\u0142adane s\u0105 \u0142uki ortodontyczne termo aktywne, kt\u00f3re pod wp\u0142ywem niskiej temperatury trac\u0105 swoj\u0105 spr\u0119\u017cysto\u015b\u0107, zwalniaj\u0105 na chwil\u0119 dzia\u0142anie aparatu. Je\u017celi dolegliwo\u015bci b\u00f3lowe narastaj\u0105 w czasie i trwaj\u0105 d\u0142u\u017cej ni\u017c dwa tygodnie, wtedy skontaktuj si\u0119 z nami.<\/p>\n<\/details>\n\n\n\n<details class=\"wp-block-details is-layout-flow wp-block-details-is-layout-flow\"><summary>Panie doktorze, jak d\u0142ugo po za\u0142o\u017ceniu aparatu b\u0119d\u0105 bola\u0142y mnie z\u0119by?<\/summary>\n<p>Dolegliwo\u015bci b\u00f3lowe SA cz\u0119stym objawem u pacjent\u00f3w, kt\u00f3rzy za\u0142o\u017cyli aparat ortodontyczny. Zwykle utrzymuj\u0105 si\u0119 do tygodnia, powoli wygasaj\u0105c w czasie. Odczuwanie b\u00f3lu jest bardzo subiektywne, u niekt\u00f3rych pacjent\u00f3w przebiega z du\u017c\u0105 si\u0142\u0105, ale s\u0105 i tacy, kt\u00f3rzy wcale nie skar\u017c\u0105 si\u0119 na jakiekolwiek dolegliwo\u015bci b\u00f3lowe zwi\u0105zane z dzia\u0142aniem aparatu. Je\u015bli w Twoim przypadku b\u00f3l jest do\u015b\u0107 silny mo\u017cna przyj\u0105\u0107 og\u00f3lnodost\u0119pne leki przeciwb\u00f3lowe. Mo\u017cna te\u017c p\u0142uka\u0107 usta zimn\u0105 wod\u0105, gdy\u017c w pierwszej fazie zak\u0142adane s\u0105 \u0142uki ortodontyczne termo aktywne, kt\u00f3re pod wp\u0142ywem niskiej temperatury trac\u0105 swoj\u0105 spr\u0119\u017cysto\u015b\u0107, zwalniaj\u0105 na chwil\u0119 dzia\u0142anie aparatu. Je\u017celi dolegliwo\u015bci b\u00f3lowe narastaj\u0105 w czasie i trwaj\u0105 d\u0142u\u017cej ni\u017c dwa tygodnie, wtedy skontaktuj si\u0119 z nami.<\/p>\n<\/details>\n\n\n\n<details class=\"wp-block-details is-layout-flow wp-block-details-is-layout-flow\"><summary>Panie doktorze, jak d\u0142ugo po za\u0142o\u017ceniu aparatu b\u0119d\u0105 bola\u0142y mnie z\u0119by?<\/summary>\n<p>Dolegliwo\u015bci b\u00f3lowe SA cz\u0119stym objawem u pacjent\u00f3w, kt\u00f3rzy za\u0142o\u017cyli aparat ortodontyczny. Zwykle utrzymuj\u0105 si\u0119 do tygodnia, powoli wygasaj\u0105c w czasie. Odczuwanie b\u00f3lu jest bardzo subiektywne, u niekt\u00f3rych pacjent\u00f3w przebiega z du\u017c\u0105 si\u0142\u0105, ale s\u0105 i tacy, kt\u00f3rzy wcale nie skar\u017c\u0105 si\u0119 na jakiekolwiek dolegliwo\u015bci b\u00f3lowe zwi\u0105zane z dzia\u0142aniem aparatu. Je\u015bli w Twoim przypadku b\u00f3l jest do\u015b\u0107 silny mo\u017cna przyj\u0105\u0107 og\u00f3lnodost\u0119pne leki przeciwb\u00f3lowe. Mo\u017cna te\u017c p\u0142uka\u0107 usta zimn\u0105 wod\u0105, gdy\u017c w pierwszej fazie zak\u0142adane s\u0105 \u0142uki ortodontyczne termo aktywne, kt\u00f3re pod wp\u0142ywem niskiej temperatury trac\u0105 swoj\u0105 spr\u0119\u017cysto\u015b\u0107, zwalniaj\u0105 na chwil\u0119 dzia\u0142anie aparatu. Je\u017celi dolegliwo\u015bci b\u00f3lowe narastaj\u0105 w czasie i trwaj\u0105 d\u0142u\u017cej ni\u017c dwa tygodnie, wtedy skontaktuj si\u0119 z nami.<\/p>\n<\/details>\n\n\n<div class=\"lightweight-accordion\"><details><summary class=\"lightweight-accordion-title\"><span>Panie doktorze, jak d\u0142ugo po za\u0142o\u017ceniu aparatu b\u0119d\u0105 bola\u0142y mnie z\u0119by?<\/span><\/summary><div class=\"lightweight-accordion-body\">\n\n<p>Dolegliwo\u015bci b\u00f3lowe SA cz\u0119stym objawem u pacjent\u00f3w, kt\u00f3rzy za\u0142o\u017cyli aparat ortodontyczny. Zwykle utrzymuj\u0105 si\u0119 do tygodnia, powoli wygasaj\u0105c w czasie. Odczuwanie b\u00f3lu jest bardzo subiektywne, u niekt\u00f3rych pacjent\u00f3w przebiega z du\u017c\u0105 si\u0142\u0105, ale s\u0105 i tacy, kt\u00f3rzy wcale nie skar\u017c\u0105 si\u0119 na jakiekolwiek dolegliwo\u015bci b\u00f3lowe zwi\u0105zane z dzia\u0142aniem aparatu. Je\u015bli w Twoim przypadku b\u00f3l jest do\u015b\u0107 silny mo\u017cna przyj\u0105\u0107 og\u00f3lnodost\u0119pne leki przeciwb\u00f3lowe. Mo\u017cna te\u017c p\u0142uka\u0107 usta zimn\u0105 wod\u0105, gdy\u017c w pierwszej fazie zak\u0142adane s\u0105 \u0142uki ortodontyczne termo aktywne, kt\u00f3re pod wp\u0142ywem niskiej temperatury trac\u0105 swoj\u0105 spr\u0119\u017cysto\u015b\u0107, zwalniaj\u0105 na chwil\u0119 dzia\u0142anie aparatu. Je\u017celi dolegliwo\u015bci b\u00f3lowe narastaj\u0105 w czasie i trwaj\u0105 d\u0142u\u017cej ni\u017c dwa tygodnie, wtedy skontaktuj si\u0119 z nami.<\/p>\n\n<\/div><\/details><\/div>\n\n<div class=\"lightweight-accordion\"><details><summary class=\"lightweight-accordion-title\"><span>Czy moje wargi i policzki b\u0119d\u0105 podra\u017cnione przez aparat przez ca\u0142y okres jego noszenia?<\/span><\/summary><div class=\"lightweight-accordion-body\">\n\n<p>Nie. Czasami u niekt\u00f3rych pacjent\u00f3w dochodzi do podra\u017cnienia b\u0142ony \u015bluzowej warg i policzk\u00f3w, kt\u00f3re utrzymuje si\u0119 najcz\u0119\u015bciej do tygodnia. Ten dyskomfort mija, gdy b\u0142ona \u015bluzowa zaadaptuje si\u0119 do aparatu. Je\u015bli jaki\u015b element aparatu szczeg\u00f3lnie przeszkadza, nale\u017cy na\u0142o\u017cy\u0107 otrzymany od nas wosk \/ silikon ortodontyczny na ten element, upewniaj\u0105c si\u0119, \u017ce jest on osuszony.<\/p>\n\n<\/div><\/details><\/div>\n\n<div class=\"lightweight-accordion\"><details><summary class=\"lightweight-accordion-title\"><span>Panie doktorze, jak d\u0142ugo po za\u0142o\u017ceniu aparatu b\u0119d\u0105 bola\u0142y mnie z\u0119by?<\/span><\/summary><div class=\"lightweight-accordion-body\">\n\n<p>Tak. Aparat sta\u0142y stanowi \u201epu\u0142apk\u0119 dla pokarmu\u201d. Resztki pokarmowe zostaj\u0105 na elementach aparatu sta\u0142ego, \u0142atwiej rozwija si\u0119 p\u0142ytka bakteryjna, szybciej dochodzi do odwapnie\u0144 z\u0119b\u00f3w i w konsekwencji do rozwoju pr\u00f3chnicy. Aby temu zapobiec nale\u017cy czy\u015bci\u0107, czy\u015bci\u0107 i jeszcze raz czy\u015bci\u0107 z\u0119by po ka\u017cdym posi\u0142ku. Mo\u017cna te\u017c p\u0142uka\u0107 usta p\u0142ynem z fluorem, najlepiej przed snem. Fluor doskonale chroni z\u0119by przed rozwojem pr\u00f3chnicy. Dbaj o z\u0119by, bo one s\u0105 cenniejsze od tego drogiego aparatu, kt\u00f3ry nosisz!<\/p>\n\n<\/div><\/details><\/div>\n\n<div class=\"lightweight-accordion\"><details><summary class=\"lightweight-accordion-title\"><span>Czy w trakcie noszenia aparatu musz\u0119 odwiedza\u0107 stomatologa? Czy mo\u017cna leczy\u0107 z\u0119by, kiedy mam za\u0142o\u017cony aparat ortodontyczny?<\/span><\/summary><div class=\"lightweight-accordion-body\">\n\n<p>Tak. Nie zaniedbuj wizyt u swojego stomatologa, poniewa\u017c w trakcie leczenia s\u0105 one bardziej nara\u017cone na pr\u00f3chnic\u0119. Gdy z\u0119by s\u0105 ciasno ustawione trudno jest dotrze\u0107 do wszystkich ubytk\u00f3w. W czasie leczenia mo\u017ce okaza\u0107 si\u0119, \u017ce wcze\u015bniej niewidoczne ubytki pr\u00f3chnicowe s\u0105 teraz widoczne i jest lepszy dost\u0119p do ich opracowania. Je\u017celi zajdzie potrzeba leczenia z\u0119b\u00f3w, uprzed\u017a nas o tym, aby cz\u0119\u015bciowo zdj\u0105\u0107 aparat w celu zaleczenia ubytk\u00f3w pr\u00f3chnicowych. Odwiedzaj swojego stomatologa regularnie, co 4-6 miesi\u0119cy!<\/p>\n\n<\/div><\/details><\/div>\n\n<div class=\"lightweight-accordion\"><details><summary class=\"lightweight-accordion-title\"><span>Panie doktorze, jak d\u0142ugo po za\u0142o\u017ceniu aparatu b\u0119d\u0105 bola\u0142y mnie z\u0119by?<\/span><\/summary><div class=\"lightweight-accordion-body\">\n\n<p>Tak. Aparat sta\u0142y stanowi \u201epu\u0142apk\u0119 dla pokarmu\u201d. Resztki pokarmowe zostaj\u0105 na elementach aparatu sta\u0142ego, \u0142atwiej rozwija si\u0119 p\u0142ytka bakteryjna, szybciej dochodzi do odwapnie\u0144 z\u0119b\u00f3w i w konsekwencji do rozwoju pr\u00f3chnicy. Aby temu zapobiec nale\u017cy czy\u015bci\u0107, czy\u015bci\u0107 i jeszcze raz czy\u015bci\u0107 z\u0119by po ka\u017cdym posi\u0142ku. Mo\u017cna te\u017c p\u0142uka\u0107 usta p\u0142ynem z fluorem, najlepiej przed snem. Fluor doskonale chroni z\u0119by przed rozwojem pr\u00f3chnicy. Dbaj o z\u0119by, bo one s\u0105 cenniejsze od tego drogiego aparatu, kt\u00f3ry nosisz!<\/p>\n\n<\/div><\/details><\/div>\n\n<div class=\"lightweight-accordion\"><details><summary class=\"lightweight-accordion-title\"><span>Panie doktorze, jak d\u0142ugo po za\u0142o\u017ceniu aparatu b\u0119d\u0105 bola\u0142y mnie z\u0119by?<\/span><\/summary><div class=\"lightweight-accordion-body\">\n\n<p>Tak. Aparat sta\u0142y stanowi \u201epu\u0142apk\u0119 dla pokarmu\u201d. Resztki pokarmowe zostaj\u0105 na elementach aparatu sta\u0142ego, \u0142atwiej rozwija si\u0119 p\u0142ytka bakteryjna, szybciej dochodzi do odwapnie\u0144 z\u0119b\u00f3w i w konsekwencji do rozwoju pr\u00f3chnicy. Aby temu zapobiec nale\u017cy czy\u015bci\u0107, czy\u015bci\u0107 i jeszcze raz czy\u015bci\u0107 z\u0119by po ka\u017cdym posi\u0142ku. Mo\u017cna te\u017c p\u0142uka\u0107 usta p\u0142ynem z fluorem, najlepiej przed snem. Fluor doskonale chroni z\u0119by przed rozwojem pr\u00f3chnicy. Dbaj o z\u0119by, bo one s\u0105 cenniejsze od tego drogiego aparatu, kt\u00f3ry nosisz!<\/p>\n\n<\/div><\/details><\/div>","protected":false},"excerpt":{"rendered":"","protected":false},"author":1,"featured_media":0,"parent":0,"menu_order":0,"comment_status":"closed","ping_status":"closed","template":"","meta":{"footnotes":""},"class_list":["post-42","page","type-page","status-publish","hentry"],"_links":{"self":[{"href":"https:\/\/chojnowscy.pl\/index.php?rest_route=\/wp\/v2\/pages\/42","targetHints":{"allow":["GET"]}}],"collection":[{"href":"https:\/\/chojnowscy.pl\/index.php?rest_route=\/wp\/v2\/pages"}],"about":[{"href":"https:\/\/chojnowscy.pl\/index.php?rest_route=\/wp\/v2\/types\/page"}],"author":[{"embeddable":true,"href":"https:\/\/chojnowscy.pl\/index.php?rest_route=\/wp\/v2\/users\/1"}],"replies":[{"embeddable":true,"href":"https:\/\/chojnowscy.pl\/index.php?rest_route=%2Fwp%2Fv2%2Fcomments&post=42"}],"version-history":[{"count":14,"href":"https:\/\/chojnowscy.pl\/index.php?rest_route=\/wp\/v2\/pages\/42\/revisions"}],"predecessor-version":[{"id":1260,"href":"https:\/\/chojnowscy.pl\/index.php?rest_route=\/wp\/v2\/pages\/42\/revisions\/1260"}],"wp:attachment":[{"href":"https:\/\/chojnowscy.pl\/index.php?rest_route=%2Fwp%2Fv2%2Fmedia&parent=42"}],"curies":[{"name":"wp","href":"https:\/\/api.w.org\/{rel}","templated":true}]}}