{"id":247,"date":"2023-03-11T13:46:14","date_gmt":"2023-03-11T12:46:14","guid":{"rendered":"http:\/\/chojnowscy.pl\/?page_id=247"},"modified":"2024-03-02T20:14:12","modified_gmt":"2024-03-02T19:14:12","slug":"aparat-pendulum","status":"publish","type":"page","link":"https:\/\/chojnowscy.pl\/?page_id=247","title":{"rendered":"APARAT PENDELUM"},"content":{"rendered":"\n<div class=\"wp-block-cover alignfull wp-duotone-unset-1\" style=\"padding-top:2%;min-height:30rem;aspect-ratio:unset;\"><span aria-hidden=\"true\" class=\"wp-block-cover__background has-background-dim\"><\/span><img loading=\"lazy\" decoding=\"async\" width=\"2560\" height=\"1707\" class=\"wp-block-cover__image-background wp-image-833\" alt=\"\" src=\"https:\/\/chojnowscy.pl\/wp-content\/uploads\/2024\/01\/atikah-akhtar-XJptUS8nbhs-unsplash-scaled.jpg\" data-object-fit=\"cover\" srcset=\"https:\/\/chojnowscy.pl\/wp-content\/uploads\/2024\/01\/atikah-akhtar-XJptUS8nbhs-unsplash-scaled.jpg 2560w, https:\/\/chojnowscy.pl\/wp-content\/uploads\/2024\/01\/atikah-akhtar-XJptUS8nbhs-unsplash-300x200.jpg 300w, https:\/\/chojnowscy.pl\/wp-content\/uploads\/2024\/01\/atikah-akhtar-XJptUS8nbhs-unsplash-1024x683.jpg 1024w, https:\/\/chojnowscy.pl\/wp-content\/uploads\/2024\/01\/atikah-akhtar-XJptUS8nbhs-unsplash-768x512.jpg 768w, https:\/\/chojnowscy.pl\/wp-content\/uploads\/2024\/01\/atikah-akhtar-XJptUS8nbhs-unsplash-1536x1024.jpg 1536w, https:\/\/chojnowscy.pl\/wp-content\/uploads\/2024\/01\/atikah-akhtar-XJptUS8nbhs-unsplash-2048x1365.jpg 2048w\" sizes=\"auto, (max-width: 2560px) 100vw, 2560px\" \/><div class=\"wp-block-cover__inner-container has-global-padding is-layout-constrained wp-container-core-cover-is-layout-ee51f2d2 wp-block-cover-is-layout-constrained\">\n<div class=\"wp-block-group alignwide is-vertical is-content-justification-center is-layout-flex wp-container-core-group-is-layout-5e763914 wp-block-group-is-layout-flex\" style=\"min-height:8rem\">\n<div class=\"wp-block-group has-global-padding is-layout-constrained wp-container-core-group-is-layout-bea02a06 wp-block-group-is-layout-constrained\"><\/div>\n\n\n\n<h1 class=\"wp-block-heading has-text-color has-link-color wp-elements-c60ce98444994bf3b8d8f894c2286049\" style=\"color:#ffffff\">APARAT PENDELUM<\/h1>\n<\/div>\n<\/div><\/div>\n\n\n\n<div class=\"wp-block-group alignfull has-background has-global-padding is-content-justification-center is-layout-constrained wp-container-core-group-is-layout-b70266b4 wp-block-group-is-layout-constrained\" style=\"background-color:#ffffff;padding-top:50px;padding-bottom:50px\">\n<figure class=\"wp-block-image aligncenter size-full is-resized\"><img loading=\"lazy\" decoding=\"async\" width=\"150\" height=\"208\" src=\"http:\/\/chojnowscy.pl\/wp-content\/uploads\/2023\/03\/aparatpendulum-1.png\" alt=\"\" class=\"wp-image-264\" style=\"width:162px;height:224px\"\/><\/figure>\n\n\n\n<hr class=\"wp-block-separator has-text-color has-alpha-channel-opacity has-background\" style=\"background-color:#3a3a3a;color:#3a3a3a\"\/>\n\n\n\n<p style=\"font-size:clamp(14px, 0.875rem + ((1vw - 3.2px) * 0.455), 18px);\">Jest to aparat montowany na sta\u0142e na podniebieniu do z\u0119b\u00f3w przedtrzonowych \u2013 sta\u0142e czw\u00f3rki i pi\u0105tki i do trzonowych \u2013 sz\u00f3stki. Aparat lekko dotyka podniebienia. Jego zadaniem jest dystalizacja \u2013 przesuwanie do ty\u0142u z\u0119b\u00f3w trzonowych (sz\u00f3stki i si\u00f3demki).<\/p>\n\n\n\n<p style=\"font-size:clamp(14px, 0.875rem + ((1vw - 3.2px) * 0.455), 18px);\">Najlepsze efekty przynosi u pacjent\u00f3w w okresie wzrostu tj. 11-13 lat, ale r\u00f3wnie\u017c z powodzeniem jest stosowany jest u doros\u0142ych. Okres aktywnego leczenia aparatem wynosi oko\u0142o 3-9 miesi\u0119cy. Po leczeniu aktywnym jest zdejmowany, a na jego miejsce w ci\u0105gu 24 godzin zamontowany zostaje, podobny w budowie, aparat Nance\u2019a, kt\u00f3ry ma za zadanie \u201eutrzyma\u0107\u201d trzonowce we w\u0142a\u015bciwej pozycji. Aparat stabilizuj\u0105cy trzonowce zak\u0142adany jest na ok. 3-6 miesi\u0119cy.<\/p>\n\n\n\n<p style=\"font-size:clamp(14px, 0.875rem + ((1vw - 3.2px) * 0.455), 18px);\">Podczas pierwszych dni poszerzania szcz\u0119ki mo\u017cesz odczuwa\u0107 lekki dyskomfort, a nawet niewielki b\u00f3l. To mija w ci\u0105gu 3-7 dni. Mo\u017cesz w tym okresie przyjmowa\u0107 og\u00f3lnodost\u0119pne \u015brodki przeciwb\u00f3lowe. B\u00f3l, kt\u00f3rego mo\u017cesz do\u015bwiadczy\u0107, nie b\u0119dzie wi\u0119kszy ni\u017c b\u00f3l mi\u0119\u015bni po forsownym wysi\u0142ku.<\/p>\n\n\n\n<p style=\"font-size:clamp(14px, 0.875rem + ((1vw - 3.2px) * 0.455), 18px);\">Podczas noszenia aparatu zmieni si\u0119 wymowa. Mo\u017cna przyzwyczai\u0107 si\u0119 do obecno\u015bci aparatu g\u0142o\u015bno czytaj\u0105c przez okres kilku dni. Jedzenie to nast\u0119pna zmiana, kt\u00f3ra Ci\u0119 czeka. Przez okres pierwszych tygodni spo\u017cywaj posi\u0142ki pokrojone na ma\u0142e kawa\u0142ki. Unikaj jedzenia spaghetti, bigosu, kiszonej kapusty, chrupi\u0105cego pieczywa i mi\u0119sa, chrupek, chips\u00f3w oraz \u017cucia gumy. Pami\u0119taj! Dobra higiena jamy ustnej stanowi o powodzeniu leczenia. Nale\u017cy u\u017cywa\u0107, opr\u00f3cz szczotki i pasty do z\u0119b\u00f3w, r\u00f3wnie\u017c p\u0142yn\u00f3w do p\u0142ukania jamy ustnej. Na j\u0119zyku lub czasem na podniebieniu mo\u017ce pojawi\u0107 si\u0119 odcisk aparatu, co nie jest problemem \u2013 to zniknie. Natomiast je\u015bli pojawi si\u0119 infekcja w tej okolicy, to jest to ju\u017c niedobry objaw. W\u0142a\u015bciwa higiena zapobiega takim sytuacjom.<\/p>\n\n\n\n<p style=\"font-size:clamp(14px, 0.875rem + ((1vw - 3.2px) * 0.455), 18px);\">Mam nadziej\u0119, \u017ce ta informacja przybli\u017cy\u0142a cele i podstawowe za\u0142o\u017cenia leczenia aparatem Pendulum. Je\u015bli wyst\u0105pi\u0142y jakie\u015b niejasno\u015bci, prosz\u0119 zwr\u00f3ci\u0107 si\u0119 do prowadz\u0105cego lekarza ortodonty z pro\u015bb\u0105 o wyja\u015bnienia.<\/p>\n<\/div>\n","protected":false},"excerpt":{"rendered":"<p>Jest to aparat montowany na sta\u0142e na podniebieniu do z\u0119b\u00f3w przedtrzonowych \u2013 sta\u0142e czw\u00f3rki i pi\u0105tki i do trzonowych \u2013 sz\u00f3stki. Aparat lekko dotyka podniebienia. Jego zadaniem jest dystalizacja \u2013 przesuwanie do ty\u0142u z\u0119b\u00f3w trzonowych (sz\u00f3stki i si\u00f3demki). Najlepsze efekty przynosi u pacjent\u00f3w w okresie wzrostu tj. 11-13 lat, ale r\u00f3wnie\u017c z powodzeniem jest stosowany [&hellip;]<\/p>\n","protected":false},"author":1,"featured_media":0,"parent":0,"menu_order":0,"comment_status":"closed","ping_status":"closed","template":"","meta":{"footnotes":""},"class_list":["post-247","page","type-page","status-publish","hentry"],"_links":{"self":[{"href":"https:\/\/chojnowscy.pl\/index.php?rest_route=\/wp\/v2\/pages\/247","targetHints":{"allow":["GET"]}}],"collection":[{"href":"https:\/\/chojnowscy.pl\/index.php?rest_route=\/wp\/v2\/pages"}],"about":[{"href":"https:\/\/chojnowscy.pl\/index.php?rest_route=\/wp\/v2\/types\/page"}],"author":[{"embeddable":true,"href":"https:\/\/chojnowscy.pl\/index.php?rest_route=\/wp\/v2\/users\/1"}],"replies":[{"embeddable":true,"href":"https:\/\/chojnowscy.pl\/index.php?rest_route=%2Fwp%2Fv2%2Fcomments&post=247"}],"version-history":[{"count":5,"href":"https:\/\/chojnowscy.pl\/index.php?rest_route=\/wp\/v2\/pages\/247\/revisions"}],"predecessor-version":[{"id":1231,"href":"https:\/\/chojnowscy.pl\/index.php?rest_route=\/wp\/v2\/pages\/247\/revisions\/1231"}],"wp:attachment":[{"href":"https:\/\/chojnowscy.pl\/index.php?rest_route=%2Fwp%2Fv2%2Fmedia&parent=247"}],"curies":[{"name":"wp","href":"https:\/\/api.w.org\/{rel}","templated":true}]}}