{"id":243,"date":"2023-03-11T13:43:56","date_gmt":"2023-03-11T12:43:56","guid":{"rendered":"http:\/\/chojnowscy.pl\/?page_id=243"},"modified":"2024-03-02T10:23:29","modified_gmt":"2024-03-02T09:23:29","slug":"aparat-bihelix","status":"publish","type":"page","link":"https:\/\/chojnowscy.pl\/?page_id=243","title":{"rendered":"APARAT BIHELIX"},"content":{"rendered":"\n<div class=\"wp-block-cover alignfull wp-duotone-unset-1\" style=\"padding-top:2%;min-height:30rem;aspect-ratio:unset;\"><span aria-hidden=\"true\" class=\"wp-block-cover__background has-background-dim\"><\/span><img loading=\"lazy\" decoding=\"async\" width=\"2560\" height=\"1707\" class=\"wp-block-cover__image-background wp-image-833\" alt=\"\" src=\"https:\/\/chojnowscy.pl\/wp-content\/uploads\/2024\/01\/atikah-akhtar-XJptUS8nbhs-unsplash-scaled.jpg\" data-object-fit=\"cover\" srcset=\"https:\/\/chojnowscy.pl\/wp-content\/uploads\/2024\/01\/atikah-akhtar-XJptUS8nbhs-unsplash-scaled.jpg 2560w, https:\/\/chojnowscy.pl\/wp-content\/uploads\/2024\/01\/atikah-akhtar-XJptUS8nbhs-unsplash-300x200.jpg 300w, https:\/\/chojnowscy.pl\/wp-content\/uploads\/2024\/01\/atikah-akhtar-XJptUS8nbhs-unsplash-1024x683.jpg 1024w, https:\/\/chojnowscy.pl\/wp-content\/uploads\/2024\/01\/atikah-akhtar-XJptUS8nbhs-unsplash-768x512.jpg 768w, https:\/\/chojnowscy.pl\/wp-content\/uploads\/2024\/01\/atikah-akhtar-XJptUS8nbhs-unsplash-1536x1024.jpg 1536w, https:\/\/chojnowscy.pl\/wp-content\/uploads\/2024\/01\/atikah-akhtar-XJptUS8nbhs-unsplash-2048x1365.jpg 2048w\" sizes=\"auto, (max-width: 2560px) 100vw, 2560px\" \/><div class=\"wp-block-cover__inner-container has-global-padding is-layout-constrained wp-container-core-cover-is-layout-ee51f2d2 wp-block-cover-is-layout-constrained\">\n<div class=\"wp-block-group alignwide is-vertical is-content-justification-center is-layout-flex wp-container-core-group-is-layout-5e763914 wp-block-group-is-layout-flex\" style=\"min-height:8rem\">\n<div class=\"wp-block-group has-global-padding is-layout-constrained wp-container-core-group-is-layout-bea02a06 wp-block-group-is-layout-constrained\"><\/div>\n\n\n\n<h1 class=\"wp-block-heading has-text-color has-link-color wp-elements-622f3322cb185e0b7d90a8e99170a50e\" style=\"color:#ffffff\">APARAT BIHELIX<\/h1>\n<\/div>\n<\/div><\/div>\n\n\n\n<div class=\"wp-block-group alignfull has-background has-global-padding is-content-justification-center is-layout-constrained wp-container-core-group-is-layout-b70266b4 wp-block-group-is-layout-constrained\" style=\"background-color:#ffffff;padding-top:50px;padding-bottom:50px\">\n<figure class=\"wp-block-image aligncenter size-full is-resized\"><img loading=\"lazy\" decoding=\"async\" width=\"150\" height=\"208\" src=\"http:\/\/chojnowscy.pl\/wp-content\/uploads\/2023\/03\/aparatbihelix-1.png\" alt=\"\" class=\"wp-image-259\" style=\"width:164px;height:227px\"\/><\/figure>\n\n\n\n<hr class=\"wp-block-separator has-text-color has-alpha-channel-opacity has-background\" style=\"background-color:#3a3a3a;color:#3a3a3a\"\/>\n\n\n\n<p class=\"has-text-color has-link-color has-pontano-sans-font-family wp-elements-28a2d6c67676869adc628307d89fd68d\" style=\"color:#000000;font-size:clamp(14px, 0.875rem + ((1vw - 3.2px) * 0.455), 18px);\">Aparat Bihelix jest aparatem sta\u0142ym, mocowanym na z\u0119bach trzonowych pacjenta na okres 3-6 miesi\u0119cy. Aparat dokonuje poszerzenia szcz\u0119ki.<\/p>\n\n\n\n<p class=\"has-text-color has-link-color has-pontano-sans-font-family wp-elements-a88dd43368b804400058e37521b4b066\" style=\"color:#000000;font-size:clamp(14px, 0.875rem + ((1vw - 3.2px) * 0.455), 18px);\">Szcz\u0119ka jest zbudowana z dw\u00f3ch osobnych cz\u0119\u015bci kostnych po\u0142\u0105czonych kr\u0119tym szwem w\u0142\u00f3knistym w linii po\u015brodkowej. Podczas dzia\u0142ania aparat przez pierwszy miesi\u0105c delikatnie rozlu\u017ania to po\u0142\u0105czenie powoduj\u0105c odsuni\u0119cie si\u0119 po\u0142\u00f3wek ko\u015bci od siebie. To powoduje poszerzenie szcz\u0119ki, stanowi\u0105c baz\u0119 do korzystnego ustawienia z\u0119b\u00f3w. W ci\u0105gu najbli\u017cszych 4-6 miesi\u0119cy tworzy si\u0119 nowy szew kostny \u0142\u0105cz\u0105cy ponownie ko\u015bci na sta\u0142e.<\/p>\n\n\n\n<p class=\"has-text-color has-link-color has-pontano-sans-font-family wp-elements-eb13f408c534faffa55f1bbabff13179\" style=\"color:#000000;font-size:clamp(14px, 0.875rem + ((1vw - 3.2px) * 0.455), 18px);\">Podczas pierwszych dni poszerzania szcz\u0119ki mo\u017cesz odczuwa\u0107 lekki dyskomfort, a nawet niewielki b\u00f3l. To mija w ci\u0105gu 3-7 dni. Mo\u017cesz w tym okresie przyjmowa\u0107 og\u00f3lnodost\u0119pne \u015brodki przeciwb\u00f3lowe. B\u00f3l, kt\u00f3rego mo\u017cesz do\u015bwiadczy\u0107, nie b\u0119dzie wi\u0119kszy ni\u017c b\u00f3l mi\u0119\u015bni po forsownym wysi\u0142ku. Najlepsza rada w tym przypadku to u\u017cywa\u0107 mi\u0119\u015bni. \u017buj wi\u0119c tyle, ile mo\u017cesz \u2013 z\u0119by szybciej si\u0119 przyzwyczaj\u0105.<\/p>\n\n\n\n<p class=\"has-text-color has-link-color has-pontano-sans-font-family wp-elements-2baf9ce16ee686c4115510b1d2e9c741\" style=\"color:#000000;font-size:clamp(14px, 0.875rem + ((1vw - 3.2px) * 0.455), 18px);\">Mo\u017cesz r\u00f3wnie\u017c oczekiwa\u0107, \u017ce pojawi si\u0119 szpara mi\u0119dzy z\u0119bami przednimi. Jest to normalny objaw odsuni\u0119cia si\u0119 od siebie po\u0142\u00f3wek szcz\u0119ki. Ta szpara w linii po\u015brodkowej szcz\u0119ki mo\u017ce ulec samoistnemu zamkni\u0119ciu lub, je\u015bli to nie nast\u0105pi, zamknie si\u0119 ona podczas aktywnego leczenia aparatem sta\u0142ym, cienko\u0142ukowym.<\/p>\n\n\n\n<p class=\"has-text-color has-link-color has-pontano-sans-font-family wp-elements-96a8b29bcc47ddf13d817a904cfc4a1c\" style=\"color:#000000;font-size:clamp(14px, 0.875rem + ((1vw - 3.2px) * 0.455), 18px);\">Aparat wymaga okresowych kontroli i aktywacji przez ortodont\u0119. Wizyty kontrolne odbywaj\u0105 si\u0119 zwykle co 4-6 tygodni.<\/p>\n\n\n\n<p class=\"has-text-color has-link-color has-pontano-sans-font-family wp-elements-c5b932a4e0571c9deb97e5a7338710ef\" style=\"color:#000000;font-size:clamp(14px, 0.875rem + ((1vw - 3.2px) * 0.455), 18px);\">Podczas noszenia aparatu zmieni si\u0119 wymowa. Mo\u017cna przyzwyczai\u0107 si\u0119 do obecno\u015bci aparatu g\u0142o\u015bno czytaj\u0105c przez okres kilku dni. Jedzenie to nast\u0119pna zmiana, kt\u00f3ra Ci\u0119 czeka. Przez okres pierwszych tygodni spo\u017cywaj posi\u0142ki pokrojone na ma\u0142e kawa\u0142ki. Unikaj jedzenia spaghetti, bigosu, kiszonej kapusty, chrupi\u0105cego pieczywa i mi\u0119sa, chrupek, chips\u00f3w oraz \u017cucia gumy. Pami\u0119taj! Dobra higiena jamy ustnej stanowi o powodzeniu leczenia. Nale\u017cy u\u017cywa\u0107, opr\u00f3cz szczotki i pasty do z\u0119b\u00f3w, r\u00f3wnie\u017c p\u0142yn\u00f3w do p\u0142ukania jamy ustnej. Na j\u0119zyku lub czasem na podniebieniu mo\u017ce pojawi\u0107 si\u0119 odcisk aparatu, co nie jest problemem \u2013 to zniknie. Natomiast je\u015bli pojawi si\u0119 infekcja w tej okolicy, to jest to ju\u017c niedobry objaw. W\u0142a\u015bciwa higiena zapobiega takim sytuacjom.<\/p>\n\n\n\n<p class=\"has-text-color has-link-color has-pontano-sans-font-family wp-elements-34b84378c09573c531e2fb1a29c06ce7\" style=\"color:#000000;font-size:clamp(14px, 0.875rem + ((1vw - 3.2px) * 0.455), 18px);\">Po poszerzeniu szcz\u0119ki aparat dalej pozostaje zacementowany na z\u0119bach przez okres 3-6 miesi\u0119cy albo zostaje zast\u0105piony innym aparatem, \u0142ukiem podniebiennym (TPA), itp.<\/p>\n\n\n\n<p class=\"has-text-color has-link-color has-pontano-sans-font-family wp-elements-af9abbf678fb1d886100fd501b5c6750\" style=\"color:#000000;font-size:clamp(14px, 0.875rem + ((1vw - 3.2px) * 0.455), 18px);\">Mam nadziej\u0119, \u017ce ta informacja przybli\u017cy\u0142a cele i podstawowe za\u0142o\u017cenia leczenia aparatem Bihelix. Je\u015bli wyst\u0105pi\u0142y jakie\u015b niejasno\u015bci, prosz\u0119 zwr\u00f3ci\u0107 si\u0119 do prowadz\u0105cego lekarza ortodonty z pro\u015bb\u0105 o wyja\u015bnienia.<\/p>\n\n\n\n<p class=\"has-text-color has-link-color has-pontano-sans-font-family wp-elements-290ac016c9c1d394574ac18a071fcaf3\" style=\"color:#000000;font-size:clamp(14px, 0.875rem + ((1vw - 3.2px) * 0.455), 18px);\">Zdj. po lewej: \u0141uk zakotwiczony jest w rurkach poziomych na pier\u015bcieniach trzonowc\u00f3w. Po opuszczeniu zamka biegnie wzd\u0142u\u017c podniebienia tworz\u0105c p\u0119tle agrafkowe na wysoko\u015bci bocznych siekaczy<br>Zdj. po prawej: Aparat ten s\u0142u\u017cy do powi\u0119kszania wymiaru poprzecznego szcz\u0119ki.<\/p>\n<\/div>\n","protected":false},"excerpt":{"rendered":"<p>Aparat Bihelix jest aparatem sta\u0142ym, mocowanym na z\u0119bach trzonowych pacjenta na okres 3-6 miesi\u0119cy. Aparat dokonuje poszerzenia szcz\u0119ki. Szcz\u0119ka jest zbudowana z dw\u00f3ch osobnych cz\u0119\u015bci kostnych po\u0142\u0105czonych kr\u0119tym szwem w\u0142\u00f3knistym w linii po\u015brodkowej. Podczas dzia\u0142ania aparat przez pierwszy miesi\u0105c delikatnie rozlu\u017ania to po\u0142\u0105czenie powoduj\u0105c odsuni\u0119cie si\u0119 po\u0142\u00f3wek ko\u015bci od siebie. To powoduje poszerzenie szcz\u0119ki, stanowi\u0105c [&hellip;]<\/p>\n","protected":false},"author":1,"featured_media":0,"parent":0,"menu_order":0,"comment_status":"closed","ping_status":"closed","template":"","meta":{"footnotes":""},"class_list":["post-243","page","type-page","status-publish","hentry"],"_links":{"self":[{"href":"https:\/\/chojnowscy.pl\/index.php?rest_route=\/wp\/v2\/pages\/243","targetHints":{"allow":["GET"]}}],"collection":[{"href":"https:\/\/chojnowscy.pl\/index.php?rest_route=\/wp\/v2\/pages"}],"about":[{"href":"https:\/\/chojnowscy.pl\/index.php?rest_route=\/wp\/v2\/types\/page"}],"author":[{"embeddable":true,"href":"https:\/\/chojnowscy.pl\/index.php?rest_route=\/wp\/v2\/users\/1"}],"replies":[{"embeddable":true,"href":"https:\/\/chojnowscy.pl\/index.php?rest_route=%2Fwp%2Fv2%2Fcomments&post=243"}],"version-history":[{"count":9,"href":"https:\/\/chojnowscy.pl\/index.php?rest_route=\/wp\/v2\/pages\/243\/revisions"}],"predecessor-version":[{"id":1200,"href":"https:\/\/chojnowscy.pl\/index.php?rest_route=\/wp\/v2\/pages\/243\/revisions\/1200"}],"wp:attachment":[{"href":"https:\/\/chojnowscy.pl\/index.php?rest_route=%2Fwp%2Fv2%2Fmedia&parent=243"}],"curies":[{"name":"wp","href":"https:\/\/api.w.org\/{rel}","templated":true}]}}