{"id":241,"date":"2023-03-11T13:43:34","date_gmt":"2023-03-11T12:43:34","guid":{"rendered":"http:\/\/chojnowscy.pl\/?page_id=241"},"modified":"2024-03-02T20:15:26","modified_gmt":"2024-03-02T19:15:26","slug":"aparaty-ruchome","status":"publish","type":"page","link":"https:\/\/chojnowscy.pl\/?page_id=241","title":{"rendered":"Aparaty Ruchome"},"content":{"rendered":"\n<div class=\"wp-block-cover alignfull wp-duotone-unset-1\" style=\"padding-top:2%;min-height:30rem;aspect-ratio:unset;\"><span aria-hidden=\"true\" class=\"wp-block-cover__background has-background-dim\"><\/span><img loading=\"lazy\" decoding=\"async\" width=\"2560\" height=\"1707\" class=\"wp-block-cover__image-background wp-image-833\" alt=\"\" src=\"https:\/\/chojnowscy.pl\/wp-content\/uploads\/2024\/01\/atikah-akhtar-XJptUS8nbhs-unsplash-scaled.jpg\" data-object-fit=\"cover\" srcset=\"https:\/\/chojnowscy.pl\/wp-content\/uploads\/2024\/01\/atikah-akhtar-XJptUS8nbhs-unsplash-scaled.jpg 2560w, https:\/\/chojnowscy.pl\/wp-content\/uploads\/2024\/01\/atikah-akhtar-XJptUS8nbhs-unsplash-300x200.jpg 300w, https:\/\/chojnowscy.pl\/wp-content\/uploads\/2024\/01\/atikah-akhtar-XJptUS8nbhs-unsplash-1024x683.jpg 1024w, https:\/\/chojnowscy.pl\/wp-content\/uploads\/2024\/01\/atikah-akhtar-XJptUS8nbhs-unsplash-768x512.jpg 768w, https:\/\/chojnowscy.pl\/wp-content\/uploads\/2024\/01\/atikah-akhtar-XJptUS8nbhs-unsplash-1536x1024.jpg 1536w, https:\/\/chojnowscy.pl\/wp-content\/uploads\/2024\/01\/atikah-akhtar-XJptUS8nbhs-unsplash-2048x1365.jpg 2048w\" sizes=\"auto, (max-width: 2560px) 100vw, 2560px\" \/><div class=\"wp-block-cover__inner-container has-global-padding is-layout-constrained wp-container-core-cover-is-layout-ee51f2d2 wp-block-cover-is-layout-constrained\">\n<div class=\"wp-block-group alignwide is-vertical is-content-justification-center is-layout-flex wp-container-core-group-is-layout-5e763914 wp-block-group-is-layout-flex\" style=\"min-height:8rem\">\n<div class=\"wp-block-group has-global-padding is-layout-constrained wp-container-core-group-is-layout-bea02a06 wp-block-group-is-layout-constrained\"><\/div>\n\n\n\n<h1 class=\"wp-block-heading has-text-color has-link-color wp-elements-87b03c41d472323369a980c7e1170f52\" style=\"color:#ffffff\">APARATY RUCHOME<\/h1>\n<\/div>\n<\/div><\/div>\n\n\n\n<div class=\"wp-block-group alignfull has-background has-global-padding is-content-justification-center is-layout-constrained wp-container-core-group-is-layout-b70266b4 wp-block-group-is-layout-constrained\" style=\"background-color:#ffffff;padding-top:50px;padding-bottom:50px\">\n<figure class=\"wp-block-image aligncenter size-full is-resized\"><img loading=\"lazy\" decoding=\"async\" width=\"150\" height=\"208\" src=\"http:\/\/chojnowscy.pl\/wp-content\/uploads\/2023\/03\/aparatyruchome-1.png\" alt=\"\" class=\"wp-image-256\" style=\"width:165px;height:229px\"\/><\/figure>\n\n\n\n<hr class=\"wp-block-separator has-text-color has-alpha-channel-opacity has-background\" style=\"background-color:#3a3a3a;color:#3a3a3a\"\/>\n\n\n\n<p style=\"font-size:clamp(14px, 0.875rem + ((1vw - 3.2px) * 0.455), 18px);\">Aparaty ruchome, zwane te\u017c wyjmowanymi, s\u0105 to aparaty czynno\u015bciowe, kt\u00f3rych zadaniem jest pobudzenie wzrostu cz\u0119\u015bci twarzowej czaszki w korzystnym kierunki. Leczymy nimi m\u0142odsze dzieci. Ortodoncja to nie tylko przemieszczanie z\u0119b\u00f3w, podczas leczenia mamy do czynienia r\u00f3wnie\u017c z uk\u0142adem kostnym, jak i nerwowo-mi\u0119\u015bniowym.<\/p>\n\n\n\n<p style=\"font-size:clamp(14px, 0.875rem + ((1vw - 3.2px) * 0.455), 18px);\">Wczesne rozpocz\u0119cie leczenia mo\u017ce pom\u00f3c w rozwoju \u0142uk\u00f3w z\u0119bowych i w ten spos\u00f3b wyeliminowa\u0107 potrzeb\u0119 zastosowania p\u00f3\u017aniejszego leczenia za pomoc\u0105 ekstrakcji w okresie uz\u0119bienia sta\u0142ego. Badania wykaza\u0142y, \u017ce aparaty czynno\u015bciowe mog\u0105 by\u0107 bardzo efektywne w polepszeniu wad czynno\u015bciowych i szkieletowych, kiedy ma\u0142y pacjent ro\u015bnie. Minusem leczenia takim aparatem jest to, \u017ce aparat taki trzeba nosi\u0107 kilka godzin w ci\u0105gu dnia i spa\u0107 z nim w nocy. Noszenie tylko nocne niestety nie daje oczekiwanych rezultat\u00f3w.<\/p>\n\n\n\n<p style=\"font-size:clamp(14px, 0.875rem + ((1vw - 3.2px) * 0.455), 18px);\">Warto wiedzie\u0107, \u017ce nie ma przeciwwskaza\u0144 do leczenia dzieci w okresie uz\u0119bienia mieszanego aparatem sta\u0142ym (nie wyjmowanym). Czasami takie wczesne leczenie chroni dziecko przed powa\u017cn\u0105 wad\u0105 zgryzu w przysz\u0142o\u015bci.<\/p>\n\n\n\n<p style=\"font-size:clamp(14px, 0.875rem + ((1vw - 3.2px) * 0.455), 18px);\">Aparaty ruchome, zwane te\u017c wyjmowanymi, s\u0105 to aparaty czynno\u015bciowe, kt\u00f3rych zadaniem jest pobudzenie wzrostu cz\u0119\u015bci twarzowej czaszki w korzystnym kierunki. Leczymy nimi m\u0142odsze dzieci. Ortodoncja to nie tylko przemieszczanie z\u0119b\u00f3w, podczas leczenia mamy do czynienia r\u00f3wnie\u017c z uk\u0142adem kostnym, jak i nerwowo-mi\u0119\u015bniowym.<\/p>\n\n\n\n<p style=\"font-size:clamp(14px, 0.875rem + ((1vw - 3.2px) * 0.455), 18px);\">Wczesne rozpocz\u0119cie leczenia mo\u017ce pom\u00f3c w rozwoju \u0142uk\u00f3w z\u0119bowych i w ten spos\u00f3b wyeliminowa\u0107 potrzeb\u0119 zastosowania p\u00f3\u017aniejszego leczenia za pomoc\u0105 ekstrakcji w okresie uz\u0119bienia sta\u0142ego. Badania wykaza\u0142y, \u017ce aparaty czynno\u015bciowe mog\u0105 by\u0107 bardzo efektywne w polepszeniu wad czynno\u015bciowych i szkieletowych, kiedy ma\u0142y pacjent ro\u015bnie. Minusem leczenia takim aparatem jest to, \u017ce aparat taki trzeba nosi\u0107 kilka godzin w ci\u0105gu dnia i spa\u0107 z nim w nocy. Noszenie tylko nocne niestety nie daje oczekiwanych rezultat\u00f3w.<\/p>\n\n\n\n<p style=\"font-size:clamp(14px, 0.875rem + ((1vw - 3.2px) * 0.455), 18px);\">Warto wiedzie\u0107, \u017ce nie ma przeciwwskaza\u0144 do leczenia dzieci w okresie uz\u0119bienia mieszanego aparatem sta\u0142ym (nie wyjmowanym). Czasami takie wczesne leczenie chroni dziecko przed powa\u017cn\u0105 wad\u0105 zgryzu w przysz\u0142o\u015bci.<\/p>\n<\/div>\n","protected":false},"excerpt":{"rendered":"<p>Aparaty ruchome, zwane te\u017c wyjmowanymi, s\u0105 to aparaty czynno\u015bciowe, kt\u00f3rych zadaniem jest pobudzenie wzrostu cz\u0119\u015bci twarzowej czaszki w korzystnym kierunki. Leczymy nimi m\u0142odsze dzieci. Ortodoncja to nie tylko przemieszczanie z\u0119b\u00f3w, podczas leczenia mamy do czynienia r\u00f3wnie\u017c z uk\u0142adem kostnym, jak i nerwowo-mi\u0119\u015bniowym. Wczesne rozpocz\u0119cie leczenia mo\u017ce pom\u00f3c w rozwoju \u0142uk\u00f3w z\u0119bowych i w ten spos\u00f3b [&hellip;]<\/p>\n","protected":false},"author":1,"featured_media":0,"parent":0,"menu_order":0,"comment_status":"closed","ping_status":"closed","template":"","meta":{"footnotes":""},"class_list":["post-241","page","type-page","status-publish","hentry"],"_links":{"self":[{"href":"https:\/\/chojnowscy.pl\/index.php?rest_route=\/wp\/v2\/pages\/241","targetHints":{"allow":["GET"]}}],"collection":[{"href":"https:\/\/chojnowscy.pl\/index.php?rest_route=\/wp\/v2\/pages"}],"about":[{"href":"https:\/\/chojnowscy.pl\/index.php?rest_route=\/wp\/v2\/types\/page"}],"author":[{"embeddable":true,"href":"https:\/\/chojnowscy.pl\/index.php?rest_route=\/wp\/v2\/users\/1"}],"replies":[{"embeddable":true,"href":"https:\/\/chojnowscy.pl\/index.php?rest_route=%2Fwp%2Fv2%2Fcomments&post=241"}],"version-history":[{"count":5,"href":"https:\/\/chojnowscy.pl\/index.php?rest_route=\/wp\/v2\/pages\/241\/revisions"}],"predecessor-version":[{"id":1233,"href":"https:\/\/chojnowscy.pl\/index.php?rest_route=\/wp\/v2\/pages\/241\/revisions\/1233"}],"wp:attachment":[{"href":"https:\/\/chojnowscy.pl\/index.php?rest_route=%2Fwp%2Fv2%2Fmedia&parent=241"}],"curies":[{"name":"wp","href":"https:\/\/api.w.org\/{rel}","templated":true}]}}